{"id":1809,"date":"2016-10-19T17:46:19","date_gmt":"2016-10-19T16:46:19","guid":{"rendered":"https:\/\/microsites.bournemouth.ac.uk\/historyofpr\/?page_id=1809"},"modified":"2017-10-09T15:39:00","modified_gmt":"2017-10-09T14:39:00","slug":"people","status":"publish","type":"page","link":"https:\/\/microsites.bournemouth.ac.uk\/historyofpr\/people\/","title":{"rendered":"People"},"content":{"rendered":"<p>The International History of Public Relations Conference was founded by Professor Tom Watson in 2009\/10 and has been supported since then by Bournemouth University, the PR Research Centre of BU and a fantastic team of people who have generously been offering their time and knowledge whenever asked.<\/p>\n<p>Meet the people:<\/p>\n<p style=\"text-align: center\"><u>Scientific Committee<\/u><\/p>\n<p style=\"text-align: center\">Prof Dr Guenter Bentele (Leipzig University)<\/p>\n<p style=\"text-align: center\">Prof Don Wright (Boston University)<\/p>\n<p style=\"text-align: center\">Prof Tom Watson (Bournemouth University)<\/p>\n<p style=\"text-align: center\">Prof Jacquie L\u2019Etang (Queen Margaret University)<\/p>\n<p style=\"text-align: center\">Prof Jordi Xifra (Pompeu Fabra University)<\/p>\n<p style=\"text-align: center\">Prof Karen Russell (University of Georgia)<\/p>\n<p style=\"text-align: center\">Dr Natalia Rodriguez-Salcedo (University of Navarra)<\/p>\n<p style=\"text-align: center\">Prof Tom Bivins (University of Oregon)<\/p>\n<p style=\"text-align: center\">Dr Kate Finch (Murdoch University)<\/p>\n<p style=\"text-align: center\">Prof Meg Lamme (University of Alabama)<\/p>\n<p style=\"text-align: center\"><u>Action Committee <\/u><\/p>\n<p style=\"text-align: center\">Associate Prof. Dustin Supa (Boston University)<\/p>\n<p style=\"text-align: center\">Dr Jessalynn Straus (Elon University)<\/p>\n<p style=\"text-align: center\">Dr Pelin H\u00fcrmeri\u00e7 (Yeditepe University)<\/p>\n<p style=\"text-align: center\">Dr Banu B\u0131\u00e7ak\u00e7\u0131 (Yeditepe University)<\/p>\n<p style=\"text-align: center\">Gareth Thompson (University of the Arts London)<\/p>\n<p style=\"text-align: center\">Dr Parichart Sthapitanonda (Chulalongkorn University)<\/p>\n<p>&nbsp;<\/p>\n<p style=\"text-align: center\"><u>Organising Committee<\/u><\/p>\n<p style=\"text-align: center\">Prof Tom Watson (Honorary Chair)<\/p>\n<p style=\"text-align: center\">Dr Tasos Theofilou (Chair), Dr Joyce Costello, Dr Alina Dolea, Dr Tanya Le Roux, Dr Anastasia Veneti<\/p>\n","protected":false},"excerpt":{"rendered":"<p>The International History of Public Relations Conference was founded by Professor Tom Watson in 2009\/10 and has been supported since then by Bournemouth University, the PR Research Centre of BU and a fantastic team of people who have generously been offering their time and knowledge whenever asked. Meet the people: Scientific Committee Prof Dr Guenter&#8230;  <a class=\"excerpt-read-more\" href=\"https:\/\/microsites.bournemouth.ac.uk\/historyofpr\/people\/\">Read more &raquo;<span class=\"sr-only\"> about People<\/span><\/a><\/p>\n","protected":false},"author":1331,"featured_media":0,"parent":0,"menu_order":0,"comment_status":"closed","ping_status":"closed","template":"","meta":{"_acf_changed":false,"footnotes":""},"class_list":["post-1809","page","type-page","status-publish","hentry"],"acf":[],"_links":{"self":[{"href":"https:\/\/microsites.bournemouth.ac.uk\/historyofpr\/wp-json\/wp\/v2\/pages\/1809","targetHints":{"allow":["GET"]}}],"collection":[{"href":"https:\/\/microsites.bournemouth.ac.uk\/historyofpr\/wp-json\/wp\/v2\/pages"}],"about":[{"href":"https:\/\/microsites.bournemouth.ac.uk\/historyofpr\/wp-json\/wp\/v2\/types\/page"}],"author":[{"embeddable":true,"href":"https:\/\/microsites.bournemouth.ac.uk\/historyofpr\/wp-json\/wp\/v2\/users\/1331"}],"replies":[{"embeddable":true,"href":"https:\/\/microsites.bournemouth.ac.uk\/historyofpr\/wp-json\/wp\/v2\/comments?post=1809"}],"version-history":[{"count":4,"href":"https:\/\/microsites.bournemouth.ac.uk\/historyofpr\/wp-json\/wp\/v2\/pages\/1809\/revisions"}],"predecessor-version":[{"id":1839,"href":"https:\/\/microsites.bournemouth.ac.uk\/historyofpr\/wp-json\/wp\/v2\/pages\/1809\/revisions\/1839"}],"wp:attachment":[{"href":"https:\/\/microsites.bournemouth.ac.uk\/historyofpr\/wp-json\/wp\/v2\/media?parent=1809"}],"curies":[{"name":"wp","href":"https:\/\/api.w.org\/{rel}","templated":true}]}}