{"id":2000,"date":"2017-01-13T14:55:18","date_gmt":"2017-01-13T14:55:18","guid":{"rendered":"https:\/\/microsites.bournemouth.ac.uk\/foodsmart\/?page_id=2000"},"modified":"2019-01-15T13:26:45","modified_gmt":"2019-01-15T13:26:45","slug":"activity-log","status":"publish","type":"page","link":"https:\/\/microsites.bournemouth.ac.uk\/foodsmart\/dissemination\/activity-log\/","title":{"rendered":"Activity Log"},"content":{"rendered":"<p><strong>Conferences and Presentations<\/strong><strong>\u00a0<\/strong><\/p>\n<p>&nbsp;<\/p>\n<p>&nbsp;<\/p>\n<table style=\"height: 521px\" width=\"1420\">\n<tbody>\n<tr>\n<td width=\"30%\"><strong>Conference<\/strong><\/td>\n<td width=\"9%\"><strong>Date<\/strong><\/td>\n<td width=\"40%\"><strong>Title<\/strong><\/td>\n<td width=\"19%\"><strong>Presenter<\/strong><\/td>\n<\/tr>\n<tr>\n<td width=\"30%\">ICCAS, Montclair State University, NJ<\/td>\n<td width=\"9%\">2015<\/td>\n<td width=\"40%\">Criteria of importance influencing food choice in workplace canteens.<\/td>\n<td width=\"19%\">Sarah Price<\/td>\n<\/tr>\n<tr>\n<td width=\"30%\">IPB PhD. Summer school (FoodSMART)<\/td>\n<td width=\"9%\">2015<\/td>\n<td width=\"40%\">Criteria of importance influencing food choice in workplace canteens.<\/td>\n<td width=\"19%\">Sarah Price<\/td>\n<\/tr>\n<tr>\n<td width=\"30%\">International colloquium on food choice interventions, University of Copenhagen<\/td>\n<td width=\"9%\">2015<\/td>\n<td width=\"40%\">The role of choice architecture in public health nutrition and the rationale for uCare<\/td>\n<td width=\"19%\">Prof Armando Perez-Cueto<\/td>\n<\/tr>\n<tr>\n<td width=\"30%\">The Behavioral Economic Research Group, University of Copenhagen<\/td>\n<td width=\"9%\">2016<\/td>\n<td width=\"40%\">FoodSMART Presentation at the Food and Resource Economics Department, University of Copenhagen<\/td>\n<td width=\"19%\">Prof Armando Perez-Cueto<\/td>\n<\/tr>\n<tr>\n<td width=\"30%\">CAUTHE Hospitality Conference, Sydney<\/td>\n<td width=\"9%\">2016<\/td>\n<td width=\"40%\">FoodSMART-shaping smarter consumer behaviour and food choice<\/td>\n<td width=\"19%\">Prof Heather Hartwell<\/td>\n<\/tr>\n<tr>\n<td width=\"30%\">9th International Symposium &#8211; Social and Cross-cultural Factors of Culinary and Eating\u00a0Behaviors Symposium at the Insitut Paul Bocuse<\/td>\n<td width=\"9%\">2016<\/td>\n<td width=\"40%\">FoodSMART \u2013 results from WP2<\/td>\n<td width=\"19%\">Sarah Price<\/td>\n<\/tr>\n<tr>\n<td width=\"30%\">BU Festival of Learning<\/td>\n<td width=\"9%\">2016<\/td>\n<td width=\"40%\">FoodSMART \u2013 Eat out smarter!<\/td>\n<td width=\"19%\">BU Team<\/td>\n<\/tr>\n<tr>\n<td width=\"30%\">FoodBIZ<\/td>\n<td width=\"9%\">2016<\/td>\n<td width=\"40%\">FoodBiz Festival<\/td>\n<td width=\"19%\">BU Team<\/td>\n<\/tr>\n<tr>\n<td width=\"30%\">Global Festival of Learning, Malaysia<\/td>\n<td width=\"9%\">2016<\/td>\n<td width=\"40%\">FoodSMART \u2013 Eat out smarter!<\/td>\n<td width=\"19%\">BU Team<\/td>\n<\/tr>\n<tr>\n<td width=\"30%\">BU impact<\/td>\n<td width=\"9%\">2016<\/td>\n<td width=\"40%\">FoodSMART impact<\/td>\n<td width=\"19%\">Prof Heather Hartwell<\/td>\n<\/tr>\n<tr>\n<td width=\"30%\">EuroCHRIE<\/td>\n<td width=\"9%\">2016<\/td>\n<td width=\"40%\">FoodSMART- an international tool for wellbeing?<\/td>\n<td width=\"19%\">Sarah Price<\/td>\n<\/tr>\n<tr>\n<td width=\"30%\">ESRC Festival of Social Sciences<\/td>\n<td width=\"9%\">9 Nov 2016<\/td>\n<td width=\"40%\">Innovations in Hospitality and Travel<\/td>\n<td width=\"19%\">Prof Heather Hartwell<\/td>\n<\/tr>\n<tr>\n<td width=\"30%\">Tourism and Hospitality @ BU<\/td>\n<td width=\"9%\">23 Nov 2016<\/td>\n<td width=\"40%\">Food Innovation &amp; Competitiveness<\/td>\n<td width=\"19%\">Prof Heather Hartwell<\/td>\n<\/tr>\n<tr>\n<td width=\"30%\">Nutrition Society<\/td>\n<td width=\"9%\">2016<\/td>\n<td width=\"40%\">Poster &#8211; Important information for the selection of workplace canteen meals: A consumer segmentation study<\/td>\n<td width=\"19%\">Bournemouth University<\/td>\n<\/tr>\n<tr>\n<td width=\"30%\">Food Matters Live: Tackling Obesity Seminar<\/td>\n<td width=\"9%\">2016<\/td>\n<td width=\"40%\">Understanding environmental factors influencing food choice in the foodservice industry<\/td>\n<td width=\"19%\">IPB<\/td>\n<\/tr>\n<tr>\n<td width=\"30%\">ENABLE Cluster Workshop \u201cFOOD 2030 &#8211; Die Zukunft der Ern\u00e4hrung im Zeitalter der Konnektivit\u00e4t\u201c, Technische Universit\u00e4t M\u00fcnchen, Garching, Germany<\/td>\n<td width=\"9%\">1 December 2016<\/td>\n<td width=\"40%\">Behavioral Economics: What does it have to do with what I order?<\/td>\n<td width=\"19%\">Laure Saulais, IPB<\/td>\n<\/tr>\n<tr>\n<td width=\"30%\">Journ\u00e9e d\u2019\u00e9tude organis\u00e9e par Acteurs de La Vie Scolaire : Restauration Collective : quelle strat\u00e9gie pour allier circuits courts, bio et lutte contre le gaspillage, Paris<\/td>\n<td width=\"9%\">8 D\u00e9cembre 2016<\/td>\n<td width=\"40%\">Comment sensibiliser les convives et les parents au bien-manger et faire \u00e9voluer les comportements alimentaires?<\/td>\n<td width=\"19%\">Laure Saulais, IPB<\/td>\n<\/tr>\n<tr>\n<td width=\"30%\">Online Symposium on Ethics in Foodservice, Food Decisions Research Laboratory and Rock Ethics Institute, Penn State University<\/td>\n<td width=\"9%\">9 Dec 2016<\/td>\n<td width=\"40%\">Choice architecture for the promotion of health and sustainability: ethical concerns in foodservice<\/td>\n<td width=\"19%\">Laure Saulais, IPB<\/td>\n<\/tr>\n<tr>\n<td width=\"30%\">International Symposium &#8211; Food Choice environments to promote healthy and sustainable eating behaviours Nudges in perspective<\/td>\n<td width=\"9%\">2017<\/td>\n<td width=\"40%\">\u201cHealthy and sustainable eating in foodservice environments : challenges and perspectives \u201c; \u201cLiving lab experiments as a tool to investigate food choice biases and interventions\u201d<\/td>\n<td width=\"19%\">BU and IPB<\/td>\n<\/tr>\n<tr>\n<td width=\"30%\">ICCAS 2017<\/td>\n<td width=\"9%\">2017<\/td>\n<td width=\"40%\">Critical evaluation of the current and future role of technology in eating out food choice<\/td>\n<td width=\"19%\">BU<\/td>\n<\/tr>\n<tr>\n<td width=\"30%\">Industrial Catering<\/td>\n<td width=\"9%\">April 2017<\/td>\n<td width=\"40%\">Annual conference<\/td>\n<td width=\"19%\">Ronge &amp; Partner<\/td>\n<\/tr>\n<tr>\n<td width=\"30%\">Food Service Europe<\/td>\n<td width=\"9%\">May 2017<\/td>\n<td width=\"40%\">Annual conference<\/td>\n<td width=\"19%\">Ronge &amp; Partner<\/td>\n<\/tr>\n<tr>\n<td width=\"30%\">S\u00e9minaire THERMOTEL \u2013 Ecully<\/td>\n<td width=\"9%\">11 Mai 2017<\/td>\n<td width=\"40%\">Alimentation, Bien-\u00eatre Et Sant\u00e9 \u2013 Perspectives Comportementales, professional workshop<\/td>\n<td width=\"19%\">IPB<\/td>\n<\/tr>\n<tr>\n<td width=\"30%\">International Tourism and Hospitality Conference Visitor Economy<\/td>\n<td width=\"9%\">2017<\/td>\n<td width=\"40%\">Strategies and Innovations Bournemouth University \u201cFoodSMART: Think Smart, Eat Smarter\u201d<\/td>\n<td width=\"19%\">BU<\/td>\n<\/tr>\n<tr>\n<td width=\"30%\">14:Live<\/td>\n<td width=\"9%\">2017<\/td>\n<td width=\"40%\">FoodSMART \u2013 Eat Out Smarter! Have you ever considered what\u2019s in your food when you\u2019re eating out?<\/td>\n<td width=\"19%\">BU<\/td>\n<\/tr>\n<tr>\n<td width=\"30%\">Webinar \u2013 How to write a successful proposal for MSCA-RISE<\/td>\n<td width=\"9%\">2017<\/td>\n<td width=\"40%\">Project featured on the Danish Ministry of Higher Education and Science<\/td>\n<td width=\"19%\">University of Copenhagen<\/td>\n<\/tr>\n<tr>\n<td width=\"30%\">Global Festival of Learning, China<\/td>\n<td width=\"9%\">2017<\/td>\n<td width=\"40%\">FoodSMART: Think Smart, Eat Smarter<\/td>\n<td width=\"19%\">BU<\/td>\n<\/tr>\n<tr>\n<td width=\"30%\">Ambassador Day<\/td>\n<td width=\"9%\">2017<\/td>\n<td width=\"40%\">Marie Curie<\/td>\n<td width=\"19%\">BU<\/td>\n<\/tr>\n<tr>\n<td width=\"30%\">Experimental Caf\u00e9<\/td>\n<td width=\"9%\">2017<\/td>\n<td width=\"40%\">FoodSMART APP test<\/td>\n<td width=\"19%\">BU<\/td>\n<\/tr>\n<tr>\n<td width=\"30%\">nutriCARD \u2013 Lecture in Kooperation mit dem Institutskolloquium des Instituts f\u00fcr Ern\u00e4hrungswissenschaften, Kompetenzcluster f\u00fcr Ern\u00e4hrung und kardiovaskul\u00e4re Gesundheit, Institut f\u00fcr Ern\u00e4hrungswissenschaften (H\u00f6rsaal), Friedrich-Schiller-Universit\u00e4t Jena, Germany<\/td>\n<td width=\"9%\">June 28th, 2017<\/td>\n<td width=\"40%\">Investigating food decisions: what can we learn from living lab experiments?<\/td>\n<td width=\"19%\">Laure Saulais, IPB<\/td>\n<\/tr>\n<tr>\n<td width=\"30%\">Training course \u201cDiplomierter Gro\u00dfk\u00fcchenleiter\u201d<\/td>\n<td width=\"9%\">March-July, 2017<\/td>\n<td width=\"40%\">FoodSMART is part of the training course digitalisation theme<\/td>\n<td width=\"19%\">Ronge &amp; Partner<\/td>\n<\/tr>\n<tr>\n<td width=\"30%\">RICHFIELDS Plenary Project Meeting<\/td>\n<td width=\"9%\">6-8 November, 2017<\/td>\n<td width=\"40%\">Introduction lecture &#8211; Living Labs: a tool for innovation in the public and private sector? The Institut Paul Bocuse experience<\/td>\n<td width=\"19%\">IPB<\/td>\n<\/tr>\n<tr>\n<td width=\"30%\">Fair Salzburg 2017 \u201cAlles f\u00fcr den Gast\u201d \u2013 the biggest gastronomy fair in middle Europe<\/td>\n<td width=\"9%\">11 November, 2017<\/td>\n<td width=\"40%\">Keynote speaker<\/td>\n<td width=\"19%\">Ronge &amp; Partner<\/td>\n<\/tr>\n<tr>\n<td width=\"30%\">Genussgipfel<\/td>\n<td width=\"9%\">29 November, 2017<\/td>\n<td width=\"40%\">Keynote speaker, Presentation of the FoodSMART Project<\/td>\n<td width=\"19%\">Ronge &amp; Partner<\/td>\n<\/tr>\n<tr>\n<td width=\"30%\">3rd Online Interdisciplinary Research Symposium in Foodservice Decisions. \u00ab Understanding Foodservice Decisions \u00bb. Penn State University \u2013 College of Health and Human Development<\/td>\n<td width=\"9%\">December 1st, 2017<\/td>\n<td width=\"40%\">HEALTH ON THE MENU: BEYOND CALORIE INFORMATION<\/td>\n<td width=\"19%\">Laure Saulais, IPB<\/td>\n<\/tr>\n<tr>\n<td width=\"30%\">Hospitality Industry Day, London<\/td>\n<td width=\"9%\">2 Feb, 2018<\/td>\n<td width=\"40%\">HE\/Industry Conference<\/td>\n<td width=\"19%\">Bournemouth University<\/td>\n<\/tr>\n<tr>\n<td width=\"30%\">FoodSMART App promotion talk, Bournemouth<\/td>\n<td width=\"9%\">28 Mar, 2018<\/td>\n<td width=\"40%\"><a href=\"https:\/\/microsites.bournemouth.ac.uk\/alumni\/2018\/03\/29\/alumnus-supports-smarter-eating-app-project\/\">BU alumnus supports FoodSMART project<\/a><\/td>\n<td width=\"19%\">Bournemouth University<\/td>\n<\/tr>\n<tr>\n<td width=\"30%\">Global Festival of Learning, Germany<\/td>\n<td width=\"9%\">16-19 April, 2018<\/td>\n<td width=\"40%\">FoodSMART: Think smart, eat smarter. Presenting project and app to a range of German academic and practitioner audience<\/td>\n<td width=\"19%\">Bournemouth University<\/td>\n<\/tr>\n<tr>\n<td width=\"30%\">Public talk<\/td>\n<td width=\"9%\">14th May, 2018<\/td>\n<td width=\"40%\">Pint of Science talk. Think smart, eat smarter. Presenting project and app to public<\/td>\n<td width=\"19%\">Bournemouth University<\/td>\n<\/tr>\n<tr>\n<td width=\"30%\">CHME 2018, Bournemouth<\/td>\n<td width=\"9%\">22-25 May, 2018<\/td>\n<td width=\"40%\"><a href=\"https:\/\/www.bournemouth.ac.uk\/about\/our-faculties\/faculty-management\/our-departments\/department-tourism-hospitality\/chme-2018-research-conference?utm_source=shortcuts-cw&amp;utm_medium=shortcuts-cw&amp;utm_campaign=CHME\">CHME 2018 Research Conference<\/a><\/td>\n<td width=\"19%\">Bournemouth University<\/td>\n<\/tr>\n<tr>\n<td width=\"30%\">International Food Marketing Research Symposium 2018, Bournemouth<\/td>\n<td width=\"9%\">13-14 Jun, 2018<\/td>\n<td width=\"40%\"><a href=\"http:\/\/institutefpm.com\/wp\/event-information-2\/registration-payment\/#\">International Food Marketing Research Symposium<\/a><\/td>\n<td width=\"19%\">Bournemouth University<\/td>\n<\/tr>\n<tr>\n<td width=\"30%\">International Symposium \u2013 \u201cEATING AT WORK\u201d<\/td>\n<td width=\"9%\">20 Sep, 2018<\/td>\n<td width=\"40%\"><a href=\"http:\/\/research.institutpaulbocuse.com\/en\/events\/eating-at-work-8784.kjsp\">International Symposium \u2013 \u201cEATING AT WORK\u201d<\/a><\/td>\n<td width=\"19%\">IPB<\/td>\n<\/tr>\n<tr>\n<td width=\"30%\">University News<\/td>\n<td width=\"9%\">Sep, 2018<\/td>\n<td width=\"40%\">\u201cPanepistimiaka Nea\u201d &#8211; presentation of the FoodSMART project<\/td>\n<td width=\"19%\">University of Macedonia<\/td>\n<\/tr>\n<tr>\n<td width=\"30%\">Presentation at the Research Seminar of the Design and Consumer Behavior department at the KU<\/td>\n<td width=\"9%\">10 Oct, 2018<\/td>\n<td width=\"40%\">Contextual methodologies in sensory and consumer studies<\/td>\n<td width=\"19%\">Adriana Gali\u00f1anes Plaza, IPB<\/td>\n<\/tr>\n<tr>\n<td width=\"30%\">Presentation to the master\u2019 students of Food Innovation and Health at the KU<\/td>\n<td width=\"9%\">11 Oct, 2018<\/td>\n<td width=\"40%\">How context influences consumers\u2019 behavior<\/td>\n<td width=\"19%\">Adriana Gali\u00f1anes Plaza, IPB<\/td>\n<\/tr>\n<tr>\n<td width=\"30%\">Vietnam UK Higher Education Forum, Hanoi<\/td>\n<td width=\"9%\">30 Oct, 2018<\/td>\n<td width=\"40%\"><a href=\"http:\/\/www.vneconomictimes.com\/article\/society\/vietnam-uk-higher-education-forum-held\">Presentation reflecting on cross-national research collaboration on EU project FoodSMART (grant 643999)<\/a><\/td>\n<td width=\"19%\">Bournemouth University<\/td>\n<\/tr>\n<\/tbody>\n<\/table>\n<p><strong><br \/>\nOther activity<\/strong><\/p>\n<table width=\"100%\">\n<tbody>\n<tr>\n<td width=\"45%\"><strong>Title<\/strong><\/td>\n<td width=\"27%\"><strong>Date<\/strong><\/td>\n<td width=\"27%\"><strong>Partner<\/strong><\/td>\n<\/tr>\n<tr>\n<td width=\"45%\">News &#8211; Developing an app for smart food choices<\/td>\n<td width=\"27%\">15 April 2015<\/td>\n<td width=\"27%\">University of Copenhagen<\/td>\n<\/tr>\n<tr>\n<td width=\"45%\">News &#8211; Mobilen skal informere on fodevarer<\/td>\n<td width=\"27%\">01 June 2015<\/td>\n<td width=\"27%\">University of Copenhagen<\/td>\n<\/tr>\n<tr>\n<td width=\"45%\"><a href=\"https:\/\/www.youtube.com\/channel\/UCknODitZ8kBZW5rqWV4AYSQ\">FoodSMART Youtube Channel<\/a><\/td>\n<td width=\"27%\">October 2015<\/td>\n<td width=\"27%\">Ronge &amp; Partner; Bournemouth University<\/td>\n<\/tr>\n<tr>\n<td width=\"45%\">Research Photography Competition<\/p>\n<p><a href=\"https:\/\/research.bournemouth.ac.uk\/foodsmart\/\">Click here to see the picture<\/a><\/td>\n<td width=\"27%\">January 2016<\/td>\n<td width=\"27%\">Bournemouth University<\/td>\n<\/tr>\n<tr>\n<td width=\"45%\">\u00a0<a href=\"https:\/\/twitter.com\/EU_FoodSMART\">Twitter<\/a><\/td>\n<td width=\"27%\">2015-2019<\/td>\n<td width=\"27%\">All<\/td>\n<\/tr>\n<tr>\n<td width=\"45%\">Google Play \u2013 FoodSMART APP<\/td>\n<td width=\"27%\">2017<\/td>\n<td width=\"27%\">University of Macedonia\/ all partners<\/td>\n<\/tr>\n<tr>\n<td width=\"45%\">The Conversation: \u201cHow to stop your lunch break damaging your health\u201d<\/p>\n<p><a href=\"http:\/\/theconversation.com\/how-to-stop-your-lunch-break-damaging-your-health-72694\">Click here to access the article<\/a><\/td>\n<td width=\"27%\">February 2017<\/td>\n<td width=\"27%\">Bournemouth University<\/td>\n<\/tr>\n<tr>\n<td width=\"45%\">Research Gate<\/p>\n<p><a href=\"https:\/\/www.researchgate.net\/project\/FoodSMART\">Click here to access the project page<\/a><\/td>\n<td width=\"27%\">2017-2019<\/td>\n<td width=\"27%\">Bournemouth University\/ all partners<\/td>\n<\/tr>\n<tr>\n<td width=\"45%\">National Italian TV station RAIUNO. SUPERQUARK, a primetime nature, science, medicine, technology, and archaeology Italian TV program presented by Piero Angela, which has been broadcast with continuing success on RAIUNO for twenty years now, a reportage on HEALTH APPS<\/td>\n<td width=\"27%\">2018<\/td>\n<td width=\"27%\">All<\/td>\n<\/tr>\n<\/tbody>\n<\/table>\n<p><strong>\u00a0<\/strong><\/p>\n","protected":false},"excerpt":{"rendered":"<p>Conferences and Presentations\u00a0 &nbsp; &nbsp; Conference Date Title Presenter ICCAS, Montclair State University, NJ 2015 Criteria of importance influencing food choice in workplace canteens. Sarah Price IPB PhD. Summer school (FoodSMART) 2015 Criteria of importance influencing food choice in workplace canteens. Sarah Price International colloquium on food choice interventions, University of Copenhagen 2015 The role&#8230;  <a class=\"excerpt-read-more\" href=\"https:\/\/microsites.bournemouth.ac.uk\/foodsmart\/dissemination\/activity-log\/\" title=\"ReadActivity Log\">Read more &raquo;<\/a><\/p>\n","protected":false},"author":860,"featured_media":0,"parent":1994,"menu_order":0,"comment_status":"closed","ping_status":"closed","template":"","meta":{"_acf_changed":false,"footnotes":""},"class_list":["post-2000","page","type-page","status-publish","hentry"],"acf":[],"_links":{"self":[{"href":"https:\/\/microsites.bournemouth.ac.uk\/foodsmart\/wp-json\/wp\/v2\/pages\/2000","targetHints":{"allow":["GET"]}}],"collection":[{"href":"https:\/\/microsites.bournemouth.ac.uk\/foodsmart\/wp-json\/wp\/v2\/pages"}],"about":[{"href":"https:\/\/microsites.bournemouth.ac.uk\/foodsmart\/wp-json\/wp\/v2\/types\/page"}],"author":[{"embeddable":true,"href":"https:\/\/microsites.bournemouth.ac.uk\/foodsmart\/wp-json\/wp\/v2\/users\/860"}],"replies":[{"embeddable":true,"href":"https:\/\/microsites.bournemouth.ac.uk\/foodsmart\/wp-json\/wp\/v2\/comments?post=2000"}],"version-history":[{"count":13,"href":"https:\/\/microsites.bournemouth.ac.uk\/foodsmart\/wp-json\/wp\/v2\/pages\/2000\/revisions"}],"predecessor-version":[{"id":2100,"href":"https:\/\/microsites.bournemouth.ac.uk\/foodsmart\/wp-json\/wp\/v2\/pages\/2000\/revisions\/2100"}],"up":[{"embeddable":true,"href":"https:\/\/microsites.bournemouth.ac.uk\/foodsmart\/wp-json\/wp\/v2\/pages\/1994"}],"wp:attachment":[{"href":"https:\/\/microsites.bournemouth.ac.uk\/foodsmart\/wp-json\/wp\/v2\/media?parent=2000"}],"curies":[{"name":"wp","href":"https:\/\/api.w.org\/{rel}","templated":true}]}}